{"id":16,"date":"2014-07-06T17:43:35","date_gmt":"2014-07-06T14:43:35","guid":{"rendered":"http:\/\/tavikset.com\/pame\/?page_id=16"},"modified":"2021-07-14T22:45:50","modified_gmt":"2021-07-14T19:45:50","slug":"ammunta","status":"publish","type":"page","link":"https:\/\/www.paavolanmetsastysseura.com\/?page_id=16","title":{"rendered":"Ammunta"},"content":{"rendered":"<p>Paukkulan kiekkorata on avattu t\u00e4lle kautta, <strong>ammunnat keskiviikkoisin klo. 17.00 alkaen, Jatkuen\u00a0 11.08.2021 saakka.<\/strong><\/p>\n<p><strong>Kierroksen hinta 5\u20ac per henkil\u00f6\u00a0<\/strong><\/p>\n<p>Kiekkoradalle voi varata vuoroja muina aikoina. Minimi m\u00e4\u00e4r\u00e4 5 henkil\u00f6\u00e4. Edellytt\u00e4en ett\u00e4 muita vuoroja ei ole varattu kyseiselle p\u00e4iv\u00e4lle.\u00a0 Seuran puolesta tulee ammunnanvalvoja, jos porukasta ei l\u00f6ydy koulutettua ammunnanvalvojaa ja perehdytetty\u00e4 laitteiston k\u00e4ytt\u00e4j\u00e4\u00e4. <strong>.<\/strong> Varatkaa tasaraha ammuntoihin.Radalla saa k\u00e4ytt\u00e4\u00e4 ainoastaan s\u00e4\u00e4nt\u00f6jen m\u00e4\u00e4r\u00e4m\u00e4\u00e4 patruunaa ja suojavarustusta. (lataus 24g lyijy skeet tai trap. ja suojalasit, kuulosuojaimet.) Ter\u00e4shauleilla ladatut patruunat ehdottamasti kielletty..!! K\u00e4siheittimien k\u00e4ytt\u00f6 kielletty! Ammutaan ainoastaan valvotussa ammunnoissa, joissa on mukana koulutettu henkil\u00f6 ammunnanvalvojana. Muistakaa korona rajoitukset.! Vuoroja voi varata ampumajaoston puheenjohtajalta.<\/p>\n<p><strong>SIIKAJOKILAAKSON RIISTAHOITOYHDISTYS<\/strong><\/p>\n<p><strong>Koeammunnat 2021<\/strong><\/p>\n<p><strong>Paukkula:<\/strong><\/p>\n<p><strong><span style=\"font-size: medium;\">24.07.2021: Kari Mustonen, Martti Rankinen, Matti Halonen<\/span><\/strong><\/p>\n<p><strong><span style=\"font-size: medium;\">31.07.2021: Vesa Pietil\u00e4, Antti Tervo, Heikki Fingerroos<\/span><\/strong><\/p>\n<p><strong><span style=\"font-size: medium;\">07.08.2021: Kari Visuri, Pekka Rankinen, Esa Ahosola<\/span><\/strong><\/p>\n<p><strong><span style=\"font-size: medium;\">21.08.2021: Jari Vilmunen, Jani P\u00f6ysk\u00f6, Jarmo Fingerroos<\/span><\/strong><\/p>\n<p><strong><span style=\"font-size: medium;\">28.08.2021: Risto Rankinen, Heikki Rankinen, Joni Halonen<\/span><\/strong><\/p>\n<p><strong>25.09.2021: Vesa Pietil\u00e4, Esa Ahosola, Pekka Rankinen<\/strong><\/p>\n<p><strong>Ammunnat alkaa KLO: 10.00<\/strong><\/p>\n<p><strong>Koeammuntoihin ilmoittautuminen viimeist\u00e4\u00e4n 1 tunti ammuntojen alkamisen j\u00e4lkeen!<\/strong><\/p>\n<p><strong>Muistakaa arvoisat koeammuntoihin osallistujat, ett\u00e4 varatkaa tilaisuuteen tasaraha (20\u20ac) koesuoritusta kohti. Ja korona s\u00e4\u00e4d\u00f6sten takia muistakaa pit\u00e4\u00e4 turvav\u00e4lit ja jos on tunne, ett\u00e4 on tulossa kipe\u00e4ksi, niin \u00e4lk\u00e4\u00e4 tulko sairaana tilaisuuteen. Kuunnelkaa tarkasti koeammunnanvalvojien ohjeet tilaisuuteen osallistumisesta paikan p\u00e4\u00e4ll\u00e4.\u00a0<\/strong><\/p>\n<p><strong>Toiminnanohjaaja Ari Mustonen p. 040 1740 123<\/strong><\/p>\n<p><strong>Hirviharjoitukset 2020<\/strong><\/p>\n<p><strong>20.07.2021 klo. 17.00 (Revonlahti)<\/strong><\/p>\n<p><strong>27.07.2021 klo 14.00 (Revonlahti)<\/strong><\/p>\n<p><strong>25.07.2021 klo. 11.00 ( Paavola)<\/strong><\/p>\n<p><strong>01.08.2021 klo. 11.00 (Paavola)<\/strong><\/p>\n<p><strong>14.08.2021 klo. 12.00 (Luohua)<\/strong><\/p>\n<p><strong>17.08.2021 klo. 17.00 (Revonlahti)<\/strong><\/p>\n<p><strong>05.09.2021 klo. 11.00 (Paavola)<\/strong><\/p>\n<p><strong>07.09.2021 klo. 17.00 (Revonlahti)<\/strong><\/p>\n<p><strong>11.09.2021 klo: 12.00 (Luohua)<\/strong><\/p>\n<p><strong>12.09.2021 klo. 11.00 (Paavola)<\/strong><\/p>\n<p><strong>30.09.2021 klo. 16.00 (Revonlahti)<\/strong><\/p>\n<p><strong>Kaikki harjoitusammunnat ovat avoimet!! 5\u20ac per henkil\u00f6 \/per tilaisuus. Varatkaa tasaraha.! Tervetuloa kaikki kiinnostuneet..!! Muistakaa korona rajoitukset ja s\u00e4\u00e4d\u00f6kset.! Tervetuloa my\u00f6s muiden seurojen j\u00e4senet..!!<\/strong><\/p>\n","protected":false},"excerpt":{"rendered":"<p>Paukkulan kiekkorata on avattu t\u00e4lle kautta, ammunnat keskiviikkoisin klo. 17.00 alkaen, Jatkuen\u00a0 11.08.2021 saakka. Kierroksen hinta 5\u20ac per henkil\u00f6\u00a0 Kiekkoradalle voi varata vuoroja muina aikoina. Minimi m\u00e4\u00e4r\u00e4 5 henkil\u00f6\u00e4. Edellytt\u00e4en ett\u00e4 muita vuoroja ei&#46;&#46;&#46;<\/p>\n","protected":false},"author":1,"featured_media":318,"parent":0,"menu_order":0,"comment_status":"closed","ping_status":"closed","template":"","meta":{"footnotes":""},"class_list":["post-16","page","type-page","status-publish","has-post-thumbnail","hentry"],"_links":{"self":[{"href":"https:\/\/www.paavolanmetsastysseura.com\/index.php?rest_route=\/wp\/v2\/pages\/16","targetHints":{"allow":["GET"]}}],"collection":[{"href":"https:\/\/www.paavolanmetsastysseura.com\/index.php?rest_route=\/wp\/v2\/pages"}],"about":[{"href":"https:\/\/www.paavolanmetsastysseura.com\/index.php?rest_route=\/wp\/v2\/types\/page"}],"author":[{"embeddable":true,"href":"https:\/\/www.paavolanmetsastysseura.com\/index.php?rest_route=\/wp\/v2\/users\/1"}],"replies":[{"embeddable":true,"href":"https:\/\/www.paavolanmetsastysseura.com\/index.php?rest_route=%2Fwp%2Fv2%2Fcomments&post=16"}],"version-history":[{"count":28,"href":"https:\/\/www.paavolanmetsastysseura.com\/index.php?rest_route=\/wp\/v2\/pages\/16\/revisions"}],"predecessor-version":[{"id":769,"href":"https:\/\/www.paavolanmetsastysseura.com\/index.php?rest_route=\/wp\/v2\/pages\/16\/revisions\/769"}],"wp:featuredmedia":[{"embeddable":true,"href":"https:\/\/www.paavolanmetsastysseura.com\/index.php?rest_route=\/wp\/v2\/media\/318"}],"wp:attachment":[{"href":"https:\/\/www.paavolanmetsastysseura.com\/index.php?rest_route=%2Fwp%2Fv2%2Fmedia&parent=16"}],"curies":[{"name":"wp","href":"https:\/\/api.w.org\/{rel}","templated":true}]}}