{"id":2,"date":"2014-07-06T14:08:14","date_gmt":"2014-07-06T14:08:14","guid":{"rendered":"http:\/\/tavikset.com\/pame\/?page_id=2"},"modified":"2018-07-21T14:16:44","modified_gmt":"2018-07-21T11:16:44","slug":"esimerkkisivu","status":"publish","type":"page","link":"https:\/\/www.paavolanmetsastysseura.com\/?page_id=2","title":{"rendered":"Yhdistys"},"content":{"rendered":"<p>Paavolan Mets\u00e4stysseura ry<br \/>\nS\u00c4\u00c4NN\u00d6T<\/p>\n<p>1\u00a7<br \/>\nSeuran nimi: Paavolan Mets\u00e4stysseura ry<br \/>\nKotipaikka: Siikajoki<br \/>\nKunta: Oulun l\u00e4\u00e4niss\u00e4<br \/>\nPerustettu: 29.05.1960<br \/>\nSeuran kieli: Suomi<br \/>\nSeura on Suomen Mets\u00e4st\u00e4j\u00e4liiton ja Pohjois- Pohjanmaan Kennelpiiri ry:n j\u00e4sen<br \/>\n2\u00a7<br \/>\nSeuran Tarkoitus:<br \/>\nSeuran tarkoituksena on harjoittaa<br \/>\n1) j\u00e4rkiper\u00e4ist\u00e4 mets\u00e4styst\u00e4<br \/>\n2) riistanhoito- ja luonnonsuojelutoimintaa<br \/>\n3) mets\u00e4stysampumaurheilua<br \/>\n4) kenneltoimintaa<br \/>\n3\u00a7<br \/>\nSeuran toimintamuodot<br \/>\nTarkoitustaan seura toteuttaa<br \/>\n1) hankkimalla k\u00e4ytt\u00f6\u00f6ns\u00e4 mets\u00e4stys- ja riistanhoitoalueita<br \/>\n2) suorittamalla riistanhoitot\u00f6it\u00e4<br \/>\n3) valvomalla mets\u00e4stys &#8211; ja riistanhoitoalueillaan tapahtuvaa mets\u00e4styst\u00e4<br \/>\n4) seuraamalla toimialueensa riistatilannetta<br \/>\n5) huolehtimalla luonnonsuojeluun liittyvist\u00e4 k\u00e4yt\u00e4nn\u00f6n toimista<br \/>\n6) kouluttamalla j\u00e4seni\u00e4\u00e4n<br \/>\n7) j\u00e4rjest\u00e4m\u00e4ll\u00e4 mets\u00e4stys- ja urheiluammunnan suoritus- ja kilpailutilaisuuksia, mit\u00e4 varten seura<br \/>\nvoi asiaomaisella luvalla rakentaa ja yll\u00e4pit\u00e4\u00e4 ampumarataa ja<br \/>\n8) edist\u00e4m\u00e4ll\u00e4 mets\u00e4styskoira toimintaa<br \/>\n4\u00a7<br \/>\nSeuran j\u00e4senet<br \/>\nSeuran varsinaiseksi tai koej\u00e4seneksi johtokunta voi hyv\u00e4ksy\u00e4 henkil\u00f6n, joka sitoutuu noudattamaan<br \/>\nSeuran s\u00e4\u00e4nt\u00f6j\u00e4 ja p\u00e4\u00e4t\u00f6ksi\u00e4<br \/>\nKoej\u00e4senyys kest\u00e4\u00e4 enint\u00e4\u00e4n 2 vuotta, mink\u00e4 ajan kuluessa johtokunnan on p\u00e4\u00e4tett\u00e4v\u00e4 koej\u00e4senen<br \/>\nhyv\u00e4ksymisest\u00e4 seuran varsinaiseksi j\u00e4seneksi tai hylk\u00e4\u00e4misest\u00e4.<br \/>\nKausikortteja seura voi myyd\u00e4 vuosittain p\u00e4\u00e4tett\u00e4v\u00e4n m\u00e4\u00e4r\u00e4n<br \/>\nKunniapuheenjohtajaksi ja kunniaj\u00e4seneksi voidaan johtokunnan esityksest\u00e4 seuran kokouksen<br \/>\np\u00e4\u00e4t\u00f6ksell\u00e4 kutsua henkil\u00f6, joka on eritt\u00e4in huomattavasti edist\u00e4nyt seuran toimintaa.<br \/>\nKunniapuheenjohtajan ja kunniaj\u00e4senten arvo on elinik\u00e4inen.<br \/>\nKannattavaksi henkil\u00f6j\u00e4seneksi seuran johtokunta voi hyv\u00e4ksy\u00e4 yksityisen henkil\u00f6n ja kannattavaksi<br \/>\nyhteis\u00f6j\u00e4seneksi oikeuskelpoisen yhteis\u00f6n, joka tukee seuran toimintaa suorittamalla vuotuisen tai<br \/>\nkertakaikkisen kannattajaj\u00e4senmaksun. Kannattavalla henkil\u00f6- tai yhteis\u00f6j\u00e4senill\u00e4 on puheoikeus mutta<br \/>\nei \u00e4\u00e4nioikeutta seuran kokouksissa<\/p>\n<p>5\u00a7<br \/>\nJ\u00e4senen velvoitteet ja maksut<br \/>\nJ\u00e4sen on velvollinen noudattamaan mets\u00e4styst\u00e4 harjoittaessaan ja muussa toiminnassa seuran s\u00e4\u00e4nt\u00f6j\u00e4<br \/>\nja p\u00e4\u00e4t\u00f6ksi\u00e4 sek\u00e4 suorittamaan seuraan liittyess\u00e4\u00e4n hein\u00e4kuun loppuun menness\u00e4 vuotuisen<br \/>\nj\u00e4senmaksun, joiden suuruuden talvikokous vuosittain m\u00e4\u00e4r\u00e4\u00e4.<br \/>\nKoej\u00e4senell\u00e4 ja kausikorttilaisilla ei ole \u00e4\u00e4nioikeutta. Muutoin koej\u00e4senell\u00e4 on samat oikeudet ja<br \/>\nvelvollisuudet kuin varsinaisella j\u00e4senell\u00e4 paitsi, ett\u00e4 koej\u00e4senen hirvijahtiin osallistumisesta p\u00e4\u00e4tt\u00e4\u00e4<br \/>\nhirvimiestenkokous. Maanomistaja, joka mets\u00e4stysvuokrasopimuksella luovuttaa seuralle<\/p>\n<p>omistamansa mets\u00e4stykseen soveltuvan tilan, vapautetaan j\u00e4senmaksuista niin kauan kuin t\u00e4llainen<br \/>\nvuokrasopimus on voimassa. Yksi vapaa kortti maanomistajaa kohden. Kunniapuheenjohtaja ja<br \/>\nkunniaj\u00e4senet ovat vapautetut j\u00e4senmaksuista ja riistanhoitovelvoitteista.<br \/>\nKannattavilla henkil\u00f6- tai yhteis\u00f6j\u00e4senill\u00e4 ei ole riistanhoito velvoitetta. Vuotuinen tai kertakaikkinen<br \/>\nkannattajaj\u00e4senmaksu m\u00e4\u00e4r\u00e4t\u00e4\u00e4n vuosittain erikseen yksityisten henkil\u00f6iden ja yhteis\u00f6jen osalta seuran<br \/>\ntalvikokouksessa.<br \/>\nRiistanhoito- ja ilmoitusvelvoite<br \/>\nj\u00e4sen on velvollinen suorittamaan riistanhoitoty\u00f6t\u00e4<br \/>\n6\u00a7<br \/>\nSeurasta Eroaminen<br \/>\nJ\u00e4senell\u00e4 on oikeus milloin tahansa erota seurasta ilmoittamalla siit\u00e4 kirjallisesti seuran johtokunnalle<br \/>\ntai sen puheenjohtajalle. J\u00e4sen voi my\u00f6s erota ilmoittamalla siit\u00e4 seuran kokouksessa p\u00f6yt\u00e4kirjaan<br \/>\nmerkitt\u00e4v\u00e4ksi.<br \/>\n7\u00a7<br \/>\nSeurasta Erottaminen<br \/>\nSeuran johtokunta voi erottaa j\u00e4senen, joka<br \/>\n1) laiminly\u00f6 j\u00e4senmaksun suorittamisen kahtena vuonna per\u00e4kk\u00e4in ( laiminly\u00f6ty j\u00e4senmaksu<br \/>\nsuoritettu j\u00e4senyys s\u00e4ilyy)<br \/>\n2) toimii yhdistyksen s\u00e4\u00e4nt\u00f6jen tai hyvien mets\u00e4stystapojen vastaisesti<br \/>\n3) rikkoo mets\u00e4styst\u00e4 koskevia lakeja, asetuksia tai m\u00e4\u00e4r\u00e4yksi\u00e4 tai<br \/>\n4) toimii seuran tarkoitusperien vastaisesti<br \/>\nEnnen p\u00e4\u00e4t\u00f6ksentekoa johtokunnan on varattava asiaomaiselle j\u00e4senelle tilaisuus selityksen antamiseen<br \/>\nasiassa, jollei erottamisen syyn\u00e4 ole n\u00e4iss\u00e4 s\u00e4\u00e4nn\u00f6iss\u00e4 mainittujen maksujen maksamatta j\u00e4tt\u00e4minen.<br \/>\nErotetulla on oikeus vedota seuran seuraavaan kokoukseen. Vetoomus on annettava tiedoksi<br \/>\nkirjallisesti seuran johtokunnalle 30 p\u00e4iv\u00e4n kuluessa kirjallisen erottamisp\u00e4\u00e4t\u00f6ksen postitusp\u00e4iv\u00e4st\u00e4 po.<br \/>\np\u00e4iv\u00e4\u00e4 lukuun ottamatta. Ellei vetoomusta esitet\u00e4 edell\u00e4 mainitussa j\u00e4rjestyksess\u00e4, tulkoon<br \/>\nerottamisp\u00e4\u00e4t\u00f6s voimaan heti m\u00e4\u00e4r\u00e4ajan p\u00e4\u00e4tytty\u00e4. Muussa tapauksessa j\u00e4sen katsottakoon erotetuksi<br \/>\nvasta sitten, kun seuran kokous on vahvistanut erottamisp\u00e4\u00e4t\u00f6ksen.<br \/>\nEroava tai erotettu j\u00e4sen on velvollinen suorittamaan ennen j\u00e4sensuhteensa lakkaamista h\u00e4nelle<br \/>\nkuuluvat maksut, eik\u00e4 h\u00e4nell\u00e4 ole oikeutta saada mit\u00e4\u00e4n seuran kiinte\u00e4st\u00e4 tai irtaimesta omaisuudesta.<br \/>\n8\u00a7<br \/>\nSeuran varsinaiset ja ylim\u00e4\u00e4r\u00e4iset kokoukset<br \/>\nSeura pit\u00e4\u00e4 vuosittain kaksi varsinaista kokousta, joista talvikokous pidet\u00e4\u00e4n helmikuunloppuun<br \/>\nmenness\u00e4 ja kes\u00e4kokous kes\u00e4-hein\u00e4kuussa. Kokouksen paikan ja tarkemmanajan m\u00e4\u00e4r\u00e4\u00e4 johtokunta.<br \/>\nKutsu varsinaiseen ja ylim\u00e4\u00e4r\u00e4iseen seurankokoukseen on saatettava j\u00e4sententietoon v\u00e4hint\u00e4\u00e4n 7 p\u00e4iv\u00e4\u00e4<br \/>\nennen kokousta<br \/>\n1) sanomalehti-ilmoituksella seuran alueella yleisesti ilmestyv\u00e4ss\u00e4 lehdess\u00e4<br \/>\n9\u00a7<br \/>\nTalvikokousasiat<br \/>\ntalvikokouksessa k\u00e4sitell\u00e4\u00e4n seuraavat asiat<br \/>\n1) Valitaan kokouksen puheenjohtaja, sihteeri, kaksi p\u00f6yt\u00e4kirjantarkastajaa ja kaksi \u00e4\u00e4ntenlaskijaa<br \/>\n2) Todetaan kokouksen laillisuus<br \/>\n3) Hyv\u00e4ksyt\u00e4\u00e4n ty\u00f6j\u00e4rjestys<br \/>\n4) Esitet\u00e4\u00e4n seura toimintakertomus, tilinp\u00e4\u00e4t\u00f6s ja tilitarkastajien lausunto edelliselt\u00e4 vuodelta ja<br \/>\np\u00e4\u00e4tet\u00e4\u00e4n tilien hyv\u00e4ksymisest\u00e4 ja tilinp\u00e4\u00e4t\u00f6ksen vahvistamisesta<br \/>\n5) P\u00e4\u00e4tet\u00e4\u00e4n vastuuvapauden my\u00f6nt\u00e4misest\u00e4 johtokunnalle ja muille tilivelvollisille<br \/>\n6) Toimitetaan johtokunnan puheenjohtajan vaali<br \/>\n7) Toimitetaan johtokunnan j\u00e4senten vaali erovuoroisten tilalle<br \/>\n8) Toimitetaan kahden tilintarkistajan ja heid\u00e4n varamiestens\u00e4 vaali alkaneelle toimintavuodelle<\/p>\n<p>9) Vahvistetaan toiminta- ja riistahoitosuunnitelma alkanutta toimintavuotta varten ja m\u00e4\u00e4r\u00e4t\u00e4\u00e4n<br \/>\nj\u00e4senten riistanhoitovelvoitteet.<br \/>\n10) P\u00e4\u00e4tet\u00e4\u00e4n seuran j\u00e4senmaksun suuruudesta, kannattavien henkil\u00f6j\u00e4senten vuotuisesta ja<br \/>\nkertakaikkisesta kannattajaj\u00e4senmaksusta sek\u00e4 kannattavien yhteis\u00f6j\u00e4senten vuotuisesta ja<br \/>\nkertakaikkisesta kannattajaj\u00e4senmaksusta.<br \/>\n11) Vahvistetaan alkaneen vuoden tulo- ja menoarvio<br \/>\n12) K\u00e4sitell\u00e4\u00e4n mahdolliset seuran j\u00e4senten erottamistapaukset, milloin seuran j\u00e4sen on s\u00e4\u00e4nt\u00f6jen<br \/>\n7\u00a7:n mukaan saattanut erottamisensa seuran kokouksen ratkaistavaksi.<br \/>\n13) Valitaan seuran edustajat ja heid\u00e4n varamiehens\u00e4 piirikokouksiin<br \/>\n14) K\u00e4sitell\u00e4\u00e4n muut johtokunnan tai seuran j\u00e4senten johtokunnalle v\u00e4hint\u00e4\u00e4n kolme viikkoa ennen<br \/>\ntalvikokousta esitt\u00e4m\u00e4t tai kokouskutsussa mainitut asiat<br \/>\n15) P\u00e4\u00e4tet\u00e4\u00e4n Siikajokilaakson Riistanhoitoyhdistykselle teht\u00e4vist\u00e4 esityksist\u00e4<br \/>\n16) Keskustellaan muista mahdollisista esille tulevista asioista, joista ei kuitenkaan voida tehd\u00e4<br \/>\np\u00e4\u00e4t\u00f6st\u00e4<br \/>\nNimet\u00e4\u00e4n ao. piirij\u00e4rjest\u00f6t ja yhdistykset, joille halutessa voidaan tehd\u00e4 esityksi\u00e4<br \/>\n10\u00a7<br \/>\nKes\u00e4kokousasiat<br \/>\nKes\u00e4kokouksessa p\u00e4\u00e4tet\u00e4\u00e4n seuran mets\u00e4stysj\u00e4rjestelyist\u00e4. Kokouksessa voidaan tehd\u00e4 p\u00e4\u00e4t\u00f6ksi\u00e4 my\u00f6s<br \/>\nmuista kokouskutsussa mainituista asioista.<\/p>\n<p>11\u00a7<br \/>\nSeuran ylim\u00e4\u00e4r\u00e4inen kokous<br \/>\nSeuran ylim\u00e4\u00e4r\u00e4inen kokous on pidett\u00e4v\u00e4, kun seuran kokous niin p\u00e4\u00e4tt\u00e4\u00e4 tai johtokunta katsoo siihen<br \/>\nolevan aihetta taikka v\u00e4hint\u00e4\u00e4n yksi kymmenesosa (1\/10) seuran \u00e4\u00e4nioikeutetuista j\u00e4senist\u00e4 sit\u00e4<br \/>\nilmoittamansa asian k\u00e4sittely\u00e4 varten vaatii.<br \/>\nJ\u00e4lkimm\u00e4isess\u00e4 tapauksessa vaatimus kokouksen pit\u00e4misest\u00e4 on esitett\u00e4v\u00e4 kirjallisesti seuran<br \/>\njohtokunnalle. Ylim\u00e4\u00e4r\u00e4inen kokous on pidett\u00e4v\u00e4 kahden kuukauden kuluessa vaatimuksen<br \/>\nesitt\u00e4misest\u00e4. Kokouskutsusta on voimassa, mit\u00e4 s\u00e4\u00e4nt\u00f6jen 8\u00a7:ss\u00e4 on m\u00e4\u00e4r\u00e4tty.<br \/>\n12\u00a7<br \/>\nP\u00f6yt\u00e4kirjan pit\u00e4minen<br \/>\nSeuran, sen johtokunnan, toimikuntien, jaostojen ja valiokuntien kokouksissa on pidett\u00e4v\u00e4 p\u00f6yt\u00e4kirjaa.<br \/>\nSeuran kokousten p\u00f6yt\u00e4kirjat on kokouksen puheenjohtajan ja sihteerin allekirjoitettava sek\u00e4 valittujen<br \/>\ntarkastajien tarkastettava.<br \/>\n13\u00a7<br \/>\nSeuran p\u00e4\u00e4t\u00f6ksentekoj\u00e4rjestys<br \/>\nSeuran p\u00e4\u00e4t\u00f6kset tehd\u00e4\u00e4n yksinkertaisella \u00e4\u00e4ntenenemmist\u00f6ll\u00e4. \u00c4\u00e4nten sattuessa tasan ratkaisee<br \/>\npuheenjohtajan \u00e4\u00e4ni paitsi vaaleissa arpa.<br \/>\nJokaisella kokoukseen menness\u00e4 j\u00e4senmaksunsa maksaneella j\u00e4senell\u00e4 kannattavia j\u00e4seni\u00e4 lukuun<br \/>\nottamatta on yksi \u00e4\u00e4ni. Valtakirjalla ei saa \u00e4\u00e4nest\u00e4\u00e4.<br \/>\nS\u00e4\u00e4nt\u00f6jen muuttamisesta, seuran purkamisesta tai seuran omaisuuden p\u00e4\u00e4osan luovuttamista<br \/>\nkoskevassa asiassa seuran p\u00e4\u00e4t\u00f6kseksi tulee se mielipide, jota on kannattanut v\u00e4hint\u00e4\u00e4n kolme<br \/>\nnelj\u00e4sosaa (3\/4) \u00e4\u00e4nestyksess\u00e4 annetuista \u00e4\u00e4nist\u00e4.<br \/>\n14\u00a7<br \/>\nSeuran tili- ja toimintavuosi<br \/>\nSeuran tili- ja toimintavuosi on kalenterivuosi. Johtokunnan tulee luovuttaa tilit ja tilinp\u00e4\u00e4t\u00f6s<br \/>\ntilintarkastajille tarkastettavaksi v\u00e4hint\u00e4\u00e4n kahta viikkoa ennen talvikokousta. Tilintarkastajien on<br \/>\nannettava lausuntonsa johtokunnalle viimeist\u00e4\u00e4n kaksi p\u00e4iv\u00e4\u00e4 ennen talvikokousta.<\/p>\n<p>15\u00a7<br \/>\nSeuran johtokunta ja sen erovuoroisuus<br \/>\nSeuran toimintaa johtaa ja sen taloudenhoidosta sek\u00e4 omaisuudesta huolehtii ja vastaa sek\u00e4 seuraa<br \/>\nedustaa talvikokouksen valitsema johtokunta.<br \/>\nJohtokuntaan kuuluu yhdeksi vuodeksi valittu puheenjohtaja ja kolmeksi vuodeksi valitut 6 j\u00e4sent\u00e4.<br \/>\nJohtokunnan j\u00e4senist\u00e4 on vuosittain kaksi henkil\u00f6\u00e4 erovuorossa. Ensimm\u00e4isell\u00e4 kerralla eroaa arvan<br \/>\nperusteella kaksi johtokunnan j\u00e4senist\u00e4. T\u00e4m\u00e4n j\u00e4lkeen erovuoroisuus m\u00e4\u00e4r\u00e4ytyy vuoron mukaan. Jos<br \/>\nj\u00e4sen kesken toimikauttaan estyy teht\u00e4v\u00e4ns\u00e4 hoitamisesta, seuran kokous valitsee h\u00e4nen tilalleen j\u00e4ljell\u00e4<\/p>\n<p>olevaksi toimikaudeksi uuden j\u00e4senen, mik\u00e4li katsoo sen tarpeelliseksi. Johtokunta valitsee t\u00e4ysi-<br \/>\nik\u00e4isten j\u00e4sentens\u00e4 keskuudesta varapuheenjohtajan sek\u00e4 lis\u00e4ksi sihteerin ja taloudenhoitajan, jotka<\/p>\n<p>voidaan valita my\u00f6s johtokunnan ulkopuolelta.<br \/>\nJohtokunta kokoontuu puheenjohtajan tai h\u00e4nen ollessa estynyt, varapuheenjohtajan kutsusta, milloin<br \/>\nkatsovat kokouksen tarpeelliseksi tai kun puolet johtokunnan j\u00e4senist\u00e4 sit\u00e4 kirjallisesti heilt\u00e4 vaatii.<br \/>\n16\u00a7<br \/>\nP\u00e4\u00e4t\u00f6svaltaisuus<br \/>\nJohtokunta on p\u00e4\u00e4t\u00f6svaltainen silloin, kun puheenjohtaja tai h\u00e4nen estyneen\u00e4 ollessaan<br \/>\nvarapuheenjohtaja sek\u00e4 v\u00e4hint\u00e4\u00e4n puolet muista j\u00e4senist\u00e4 on saapuvilla.<br \/>\n17\u00a7<br \/>\nSeuran nimenkirjoittajat<br \/>\nSeuran nimen kirjoittaa puheenjohtaja, varapuheenjohtaja tai sihteeri kukin erikseen<br \/>\n18\u00a7<br \/>\nJohtokunnan Teht\u00e4v\u00e4t<br \/>\nJohtokunnan teht\u00e4v\u00e4n\u00e4 on erityisesti<br \/>\n1) toimia seuran ylimp\u00e4n\u00e4 toimeenpanevana ja valvovana elimen\u00e4 niin ett\u00e4 seuran tarkoituksen ja<br \/>\ntavoitteiden mukaiset toiminnat toteutetaan suunnitelman mukaisesti<br \/>\n2) olla vastuussa seuran toiminnasta lakien ja asetusten mukaisesti<br \/>\n3) suunnitella ja kehitt\u00e4\u00e4 seuran kokonaistoimintaa sek\u00e4 johtaa seuran toimintaa sen tarkoituksen<br \/>\nja tavoitteiden mukaisesti<br \/>\n4) vahvistaa teht\u00e4v\u00e4jako keskuudessaan sek\u00e4 valita tarvittavat toimikunnat, valiokunnat, jaostot ja<br \/>\nty\u00f6tyhm\u00e4t suorittamaan niille m\u00e4\u00e4r\u00e4ttyj\u00e4 johtokunnalle vastuullisia teht\u00e4vi\u00e4<br \/>\n5) vastata seuran ulkopuolelle suuntautuvasta toiminnasta<br \/>\n6) vastata j\u00e4senliittojen ja piirien s\u00e4\u00e4nt\u00f6jen ja ohjeiden seuralle asettamista velvoitteista.<br \/>\nJ\u00e4senmaksut<br \/>\n7) toimittaa riistanhoitoyhdistykselle pyydetyt toimintatiedot<br \/>\n8) nimet\u00e4 edustajat Siikajokilaakson Riistahoitoyhdistyksen, Suomen Mets\u00e4st\u00e4j\u00e4liiton ja<br \/>\nkennelpiirinkokouksiin, ellei seuran talvikokous ole jo asiasta p\u00e4\u00e4tt\u00e4nyt<br \/>\n9) vastata seuran kokousten antamista velvoitteista<br \/>\n10) pit\u00e4\u00e4 seuran j\u00e4senluetteloa<br \/>\n11) hoitaa huolella seuran taloutta ja omaisuutta<br \/>\n12) hoitaa seuran tiedotustoimintaa<br \/>\n13) hyv\u00e4ksy\u00e4 ja erottaa j\u00e4senet<br \/>\n14) valita sek\u00e4 tarvittaessa erottaa seuran toimihenkil\u00f6t<br \/>\n15) p\u00e4\u00e4tt\u00e4\u00e4 seuran ansiomerkkien ja huomionositusten my\u00f6nt\u00e4misest\u00e4 sek\u00e4 tehd\u00e4 esityksi\u00e4 muista<br \/>\nhuomionosoituksista<br \/>\n16) tehd\u00e4 mets\u00e4stysvuokra- ja muut mets\u00e4stysalueiden k\u00e4ytt\u00f6\u00e4 koskevat sopimukset sek\u00e4<br \/>\n17) ryhty\u00e4 kaikkiin toimenpiteisiin, joita seuran etu vaatii<\/p>\n<p>19\u00a7<br \/>\nSeuran mets\u00e4styss\u00e4\u00e4nn\u00f6t ja hirviel\u00e4inten jahtis\u00e4\u00e4nn\u00f6t<br \/>\nSeuran yleiset mets\u00e4styss\u00e4\u00e4nn\u00f6t ja hirviel\u00e4inten jahtis\u00e4\u00e4nn\u00f6t ja n\u00e4ihin teht\u00e4v\u00e4t muutokset vahvistetaan<br \/>\nseuran kokouksessa.<\/p>\n<p>20\u00a7<br \/>\nSeuran varojen ja arkiston siirto seuran purkautuessa<br \/>\nJos seura puretaan, k\u00e4ytet\u00e4\u00e4n sen j\u00e4ljelle j\u00e4\u00e4neet varat viimeisen kokouksen p\u00e4\u00e4t\u00f6ksen mukaisesti ja<br \/>\njohonkin seuran toimintaa l\u00e4hell\u00e4 olevaan tarkoitukseen.<br \/>\nSeuran arkisto siirret\u00e4\u00e4n Suomen Mets\u00e4stysmuseoyhdistys- Jaktmuseif\u00f6reningen i Finland ry:lle.<br \/>\nSeuran purkautumisesta on teht\u00e4v\u00e4 ilmoitus yhdistysrekisteriviranomaisten lis\u00e4ksi Oulu<br \/>\nRiistanhoitopiirille ja Siikajokilaakson riistanhoitoyhdistykselle<br \/>\n21\u00a7<br \/>\nMuuta<br \/>\nMuutoin noudatettakoon, mit\u00e4 laissa on yhdistyksist\u00e4 s\u00e4\u00e4detty<\/p>\n","protected":false},"excerpt":{"rendered":"<p>Paavolan Mets\u00e4stysseura ry S\u00c4\u00c4NN\u00d6T 1\u00a7 Seuran nimi: Paavolan Mets\u00e4stysseura ry Kotipaikka: Siikajoki Kunta: Oulun l\u00e4\u00e4niss\u00e4 Perustettu: 29.05.1960 Seuran kieli: Suomi Seura on Suomen Mets\u00e4st\u00e4j\u00e4liiton ja Pohjois- Pohjanmaan Kennelpiiri ry:n j\u00e4sen 2\u00a7 Seuran Tarkoitus: Seuran&#46;&#46;&#46;<\/p>\n","protected":false},"author":1,"featured_media":0,"parent":0,"menu_order":0,"comment_status":"closed","ping_status":"closed","template":"","meta":{"footnotes":""},"class_list":["post-2","page","type-page","status-publish","hentry"],"_links":{"self":[{"href":"https:\/\/www.paavolanmetsastysseura.com\/index.php?rest_route=\/wp\/v2\/pages\/2","targetHints":{"allow":["GET"]}}],"collection":[{"href":"https:\/\/www.paavolanmetsastysseura.com\/index.php?rest_route=\/wp\/v2\/pages"}],"about":[{"href":"https:\/\/www.paavolanmetsastysseura.com\/index.php?rest_route=\/wp\/v2\/types\/page"}],"author":[{"embeddable":true,"href":"https:\/\/www.paavolanmetsastysseura.com\/index.php?rest_route=\/wp\/v2\/users\/1"}],"replies":[{"embeddable":true,"href":"https:\/\/www.paavolanmetsastysseura.com\/index.php?rest_route=%2Fwp%2Fv2%2Fcomments&post=2"}],"version-history":[{"count":10,"href":"https:\/\/www.paavolanmetsastysseura.com\/index.php?rest_route=\/wp\/v2\/pages\/2\/revisions"}],"predecessor-version":[{"id":416,"href":"https:\/\/www.paavolanmetsastysseura.com\/index.php?rest_route=\/wp\/v2\/pages\/2\/revisions\/416"}],"wp:attachment":[{"href":"https:\/\/www.paavolanmetsastysseura.com\/index.php?rest_route=%2Fwp%2Fv2%2Fmedia&parent=2"}],"curies":[{"name":"wp","href":"https:\/\/api.w.org\/{rel}","templated":true}]}}